{"id":610,"date":"2025-10-16T21:41:33","date_gmt":"2025-10-17T01:41:33","guid":{"rendered":"https:\/\/sumum.do\/?page_id=610"},"modified":"2025-10-16T22:07:27","modified_gmt":"2025-10-17T02:07:27","slug":"sumum-mpc","status":"publish","type":"page","link":"https:\/\/sumum.do\/?page_id=610","title":{"rendered":"SUMUM MPC"},"content":{"rendered":"\n<div class=\"wp-block-buttons\">\n<div class=\"wp-block-button is-style-outline\"><a class=\"wp-block-button__link\" href=\"https:\/\/play.google.com\/store\/apps\/developer?id=JoinTech\"><img class=\"wp-image-532\" src=\"http:\/\/sumum.do\/wp-content\/uploads\/2025\/10\/152_Google_Play-512-e1610499764837.png\" alt=\"\"><\/a><\/div>\n\n\n\n<div class=\"wp-block-button is-style-outline\"><a class=\"wp-block-button__link\"\nhref=\"https:\/\/apps.apple.com\/us\/developer\/abel-reynoso\/id1531264588\"><img class=\"wp-image-539\" src=\"http:\/\/sumum.do\/wp-content\/uploads\/2025\/10\/oie_qZFHNjZ0mJcI-1-e1610499991200.png\" alt=\"\" \/><\/a><\/div>\n<\/div>\n<p>\n\n\n\n<p>Es una aplicaci\u00f3n dise\u00f1ada para la <strong>gesti\u00f3n de mantenimiento preventivo y correctivo<\/strong>, orientada a empresas e instituciones que buscan optimizar la operaci\u00f3n y el rendimiento de sus equipos e infraestructuras.<br><br>Permite planificar, registrar y dar seguimiento a las \u00f3rdenes de trabajo, asegurando la trazabilidad de las intervenciones y el cumplimiento de los programas de mantenimiento.<\/p>\n\n\n\n<p>Con <strong>Sumum MPC<\/strong>, los t\u00e9cnicos pueden documentar tareas desde el campo, gestionar inventarios, registrar ubicaciones y reportar fallos o mantenimientos en tiempo real, incluso sin conexi\u00f3n a internet.<\/p>\n\n\n\n<p><strong>CARACTER\u00cdSTICAS<\/strong><br>\u2014\u2014\u2014\u2014\u2014\u2014\u2014\u2014\u2014\u2014\u2014\u2014\u2014\u2014\u2014\u2014\u2014\u2014\u2014\u2014\u2014\u2014\u2014\u2014\u2013<br>\u2022 Programaci\u00f3n de mantenimientos preventivos y correctivos.<br>\u2022 Registro de \u00f3rdenes de trabajo con fotograf\u00edas y ubicaci\u00f3n.<br>\u2022 Control de equipos, herramientas y repuestos.<br>\u2022 Gesti\u00f3n de tareas por t\u00e9cnico o \u00e1rea.<br>\u2022 Indicadores de cumplimiento y rendimiento.<br>\u2022 Modo <strong>offline<\/strong> para entornos sin conexi\u00f3n.<br>\u2022 Sincronizaci\u00f3n autom\u00e1tica con el sistema central.<br>\u2022 Reportes e historial de mantenimientos.<\/p>\n<\/div>\n","protected":false},"excerpt":{"rendered":"","protected":false},"author":2,"featured_media":0,"parent":0,"menu_order":0,"comment_status":"closed","ping_status":"closed","template":"","meta":[],"_links":{"self":[{"href":"https:\/\/sumum.do\/index.php?rest_route=\/wp\/v2\/pages\/610"}],"collection":[{"href":"https:\/\/sumum.do\/index.php?rest_route=\/wp\/v2\/pages"}],"about":[{"href":"https:\/\/sumum.do\/index.php?rest_route=\/wp\/v2\/types\/page"}],"author":[{"embeddable":true,"href":"https:\/\/sumum.do\/index.php?rest_route=\/wp\/v2\/users\/2"}],"replies":[{"embeddable":true,"href":"https:\/\/sumum.do\/index.php?rest_route=%2Fwp%2Fv2%2Fcomments&post=610"}],"version-history":[{"count":3,"href":"https:\/\/sumum.do\/index.php?rest_route=\/wp\/v2\/pages\/610\/revisions"}],"predecessor-version":[{"id":633,"href":"https:\/\/sumum.do\/index.php?rest_route=\/wp\/v2\/pages\/610\/revisions\/633"}],"wp:attachment":[{"href":"https:\/\/sumum.do\/index.php?rest_route=%2Fwp%2Fv2%2Fmedia&parent=610"}],"curies":[{"name":"wp","href":"https:\/\/api.w.org\/{rel}","templated":true}]}}