{"id":609,"date":"2025-10-16T21:41:33","date_gmt":"2025-10-17T01:41:33","guid":{"rendered":"https:\/\/sumum.do\/?page_id=609"},"modified":"2025-10-16T22:06:58","modified_gmt":"2025-10-17T02:06:58","slug":"sumum-project","status":"publish","type":"page","link":"https:\/\/sumum.do\/?page_id=609","title":{"rendered":"SUMUM Project"},"content":{"rendered":"\n<div class=\"wp-block-buttons\">\n<div class=\"wp-block-button is-style-outline\"><a class=\"wp-block-button__link\" href=\"https:\/\/play.google.com\/store\/apps\/developer?id=JoinTech\"><img class=\"wp-image-532\" src=\"http:\/\/sumum.do\/wp-content\/uploads\/2025\/10\/152_Google_Play-512-e1610499764837.png\" alt=\"\"><\/a><\/div>\n\n\n\n<div class=\"wp-block-button is-style-outline\"><a class=\"wp-block-button__link\"\nhref=\"https:\/\/apps.apple.com\/us\/developer\/abel-reynoso\/id1531264588\"><img class=\"wp-image-539\" src=\"http:\/\/sumum.do\/wp-content\/uploads\/2025\/10\/oie_qZFHNjZ0mJcI-1-e1610499991200.png\" alt=\"\" \/><\/a><\/div>\n<\/div>\n<p>\n\n\n\n<p>Es una aplicaci\u00f3n dise\u00f1ada para la <strong>gesti\u00f3n y seguimiento de proyectos<\/strong>, permitiendo a los equipos de trabajo planificar, ejecutar y monitorear tareas desde cualquier lugar.<br><br>Facilita la coordinaci\u00f3n entre departamentos y t\u00e9cnicos, centralizando la informaci\u00f3n de auditor\u00edas, rutas, tareas, planificaci\u00f3n y avances en tiempo real.<\/p>\n\n\n\n<p>Con <strong>Sumum Project<\/strong>, las organizaciones pueden llevar un control eficiente de los recursos, responsables, tiempos y resultados, logrando una visi\u00f3n integral de cada proyecto.<\/p>\n\n\n\n<p><strong>CARACTER\u00cdSTICAS<\/strong><br>\u2014\u2014\u2014\u2014\u2014\u2014\u2014\u2014\u2014\u2014\u2014\u2014\u2014\u2014\u2014\u2014\u2014\u2014\u2014\u2014\u2014\u2014\u2014\u2014\u2013<br>\u2022 Planificaci\u00f3n y seguimiento de proyectos.<br>\u2022 Asignaci\u00f3n y control de tareas.<br>\u2022 Auditor\u00edas y control de calidad.<br>\u2022 Registro de rutas y actividades en campo.<br>\u2022 Indicadores de progreso y cumplimiento.<br>\u2022 Notificaciones y recordatorios autom\u00e1ticos.<br>\u2022 Funcionalidad <strong>offline<\/strong> para trabajo sin conexi\u00f3n.<br>\u2022 Sincronizaci\u00f3n de datos con el sistema central.<\/p>\n<\/div>\n","protected":false},"excerpt":{"rendered":"","protected":false},"author":2,"featured_media":0,"parent":0,"menu_order":0,"comment_status":"closed","ping_status":"closed","template":"","meta":[],"_links":{"self":[{"href":"https:\/\/sumum.do\/index.php?rest_route=\/wp\/v2\/pages\/609"}],"collection":[{"href":"https:\/\/sumum.do\/index.php?rest_route=\/wp\/v2\/pages"}],"about":[{"href":"https:\/\/sumum.do\/index.php?rest_route=\/wp\/v2\/types\/page"}],"author":[{"embeddable":true,"href":"https:\/\/sumum.do\/index.php?rest_route=\/wp\/v2\/users\/2"}],"replies":[{"embeddable":true,"href":"https:\/\/sumum.do\/index.php?rest_route=%2Fwp%2Fv2%2Fcomments&post=609"}],"version-history":[{"count":3,"href":"https:\/\/sumum.do\/index.php?rest_route=\/wp\/v2\/pages\/609\/revisions"}],"predecessor-version":[{"id":632,"href":"https:\/\/sumum.do\/index.php?rest_route=\/wp\/v2\/pages\/609\/revisions\/632"}],"wp:attachment":[{"href":"https:\/\/sumum.do\/index.php?rest_route=%2Fwp%2Fv2%2Fmedia&parent=609"}],"curies":[{"name":"wp","href":"https:\/\/api.w.org\/{rel}","templated":true}]}}