{"id":608,"date":"2025-10-16T21:41:33","date_gmt":"2025-10-17T01:41:33","guid":{"rendered":"https:\/\/sumum.do\/?page_id=608"},"modified":"2025-10-16T22:05:07","modified_gmt":"2025-10-17T02:05:07","slug":"sumum-agro","status":"publish","type":"page","link":"https:\/\/sumum.do\/?page_id=608","title":{"rendered":"SUMUM Agro"},"content":{"rendered":"\n<div class=\"wp-block-buttons\">\n<div class=\"wp-block-button is-style-outline\"><a class=\"wp-block-button__link\" href=\"https:\/\/play.google.com\/store\/apps\/details?id=com.sumum.sumumagro\"><img class=\"wp-image-532\" src=\"http:\/\/sumum.do\/wp-content\/uploads\/2025\/10\/152_Google_Play-512-e1610499764837.png\" alt=\"\"><\/a><\/div>\n\n\n\n<div class=\"wp-block-button is-style-outline\"><a class=\"wp-block-button__link\"\nhref=\"https:\/\/apps.apple.com\/us\/developer\/abel-reynoso\/id1531264588\"><img class=\"wp-image-539\" src=\"http:\/\/sumum.do\/wp-content\/uploads\/2025\/10\/oie_qZFHNjZ0mJcI-1-e1610499991200.png\" alt=\"\" \/><\/a><\/div>\n<\/div>\n<p>\n\n\n\n<p>Es una aplicaci\u00f3n dise\u00f1ada para el <strong>Ministerio de Agricultura<\/strong> y sus <strong>t\u00e9cnicos de campo<\/strong>, orientada al registro, seguimiento y control de la producci\u00f3n agr\u00edcola nacional.<br><br>Permite documentar informaci\u00f3n directamente en las zonas de cosecha, tanto en campo abierto como en invernaderos, incluso sin conexi\u00f3n a internet.<\/p>\n\n\n\n<p>Con <strong>Sumum Agro<\/strong>, los t\u00e9cnicos pueden registrar datos de ubicaci\u00f3n, cultivos, siembras y estimaciones de producci\u00f3n de manera pr\u00e1ctica y centralizada, facilitando la toma de decisiones y el an\u00e1lisis estad\u00edstico del sector agropecuario.<\/p>\n\n\n\n<p><strong>CARACTER\u00cdSTICAS<\/strong><br>\u2014\u2014\u2014\u2014\u2014\u2014\u2014\u2014\u2014\u2014\u2014\u2014\u2014\u2014\u2014\u2014\u2014\u2014\u2014\u2014\u2014\u2014\u2014\u2014\u2013<br>\u2022 Registro de parcelas con geolocalizaci\u00f3n.<br>\u2022 Control de cultivos y siembras por zona y fecha.<br>\u2022 M\u00f3dulo de estimaciones de producci\u00f3n.<br>\u2022 Funcionalidad <strong>offline<\/strong> (sin conexi\u00f3n a internet).<br>\u2022 Compatible con cultivos de campo abierto e invernaderos.<br>\u2022 Captura de fotograf\u00edas y notas de campo.<br>\u2022 Estad\u00edsticas y reportes consolidados.<br>\u2022 Sincronizaci\u00f3n autom\u00e1tica con el sistema central.<\/p>\n<\/div>\n","protected":false},"excerpt":{"rendered":"","protected":false},"author":2,"featured_media":0,"parent":0,"menu_order":0,"comment_status":"closed","ping_status":"closed","template":"","meta":[],"_links":{"self":[{"href":"https:\/\/sumum.do\/index.php?rest_route=\/wp\/v2\/pages\/608"}],"collection":[{"href":"https:\/\/sumum.do\/index.php?rest_route=\/wp\/v2\/pages"}],"about":[{"href":"https:\/\/sumum.do\/index.php?rest_route=\/wp\/v2\/types\/page"}],"author":[{"embeddable":true,"href":"https:\/\/sumum.do\/index.php?rest_route=\/wp\/v2\/users\/2"}],"replies":[{"embeddable":true,"href":"https:\/\/sumum.do\/index.php?rest_route=%2Fwp%2Fv2%2Fcomments&post=608"}],"version-history":[{"count":8,"href":"https:\/\/sumum.do\/index.php?rest_route=\/wp\/v2\/pages\/608\/revisions"}],"predecessor-version":[{"id":631,"href":"https:\/\/sumum.do\/index.php?rest_route=\/wp\/v2\/pages\/608\/revisions\/631"}],"wp:attachment":[{"href":"https:\/\/sumum.do\/index.php?rest_route=%2Fwp%2Fv2%2Fmedia&parent=608"}],"curies":[{"name":"wp","href":"https:\/\/api.w.org\/{rel}","templated":true}]}}