{"id":456,"date":"2021-01-26T19:20:43","date_gmt":"2021-01-26T23:20:43","guid":{"rendered":"http:\/\/sumum.do\/?page_id=456"},"modified":"2025-10-16T22:08:28","modified_gmt":"2025-10-17T02:08:28","slug":"sacc-school","status":"publish","type":"page","link":"https:\/\/sumum.do\/?page_id=456","title":{"rendered":"SACC School"},"content":{"rendered":"\n<div class=\"wp-block-buttons\">\n<div class=\"wp-block-button is-style-outline\"><a class=\"wp-block-button__link\" href=\"https:\/\/play.google.com\/store\/apps\/details?id=com.jointech.saccschool\"><img class=\"wp-image-532\" src=\"http:\/\/sumum.do\/wp-content\/uploads\/2025\/10\/152_Google_Play-512-e1610499764837.png\" alt=\"\"><\/a><\/div>\n\n\n\n<div class=\"wp-block-button is-style-outline\"><a class=\"wp-block-button__link\"\nhref=\"https:\/\/apps.apple.com\/us\/app\/sacc-school\/id1531264586\"><img class=\"wp-image-539\" src=\"http:\/\/sumum.do\/wp-content\/uploads\/2025\/10\/oie_qZFHNjZ0mJcI-1-e1610499991200.png\" alt=\"\" \/><\/a><\/div>\n<\/div>\n<p>\n\n\n\n<p><strong>SACC SCHOOL<\/strong>&nbsp;es un&nbsp;software&nbsp;desarrollado bajo los est\u00e1ndares acad\u00e9micos de la Rep\u00fablica Dominicana, totalmente integrado con <strong>SACC ERP<\/strong>, el cual gestiona las operaciones administrativas de la instituci\u00f3n tales como n\u00f3mina, recursos humanos, contabilidad, activos fijos, compras, cuentas por pagar, conciliaci\u00f3n bancaria, presupuestos, inventarios y ventas de caja chica. En conjunto, ofrecen una soluci\u00f3n integral que permite el control total de la instituci\u00f3n desde un solo sistema inform\u00e1tico.<\/p>\n\n\n\n<p>Consta de&nbsp;diferentes&nbsp;m\u00f3dulos en una&nbsp;sola&nbsp;aplicaci\u00f3n acad\u00e9mica, algunos&nbsp;de estos&nbsp;son:<\/p>\n\n\n\n<ul><li>Admisiones<\/li><li>Calificaciones<\/li><li>Indicadores de logro<\/li><li>Gesti\u00f3n de bibliotecas<\/li><li>Enfermer\u00eda<\/li><li>Control&nbsp;Escolar<\/li><li>Cuentas por cobrar<\/li><\/ul>\n\n\n\n<p>Adem\u00e1s,&nbsp;ofrece&nbsp;la posibilidad de&nbsp;a\u00f1adir&nbsp;nuevos&nbsp;m\u00f3dulos&nbsp;dependiendo del crecimiento&nbsp;y las necesidades&nbsp;de la&nbsp;instituci\u00f3n.<\/p>\n\n\n\n<p><strong><span class=\"has-inline-color has-vivid-red-color\">PAGOS ONLINE<\/span><\/strong> permite realizar pagos en l\u00ednea de matr\u00edcula, mensualidades y servicios adicionales directamente desde la aplicaci\u00f3n m\u00f3vil o el portal web.<\/p>\n\n\n\n<p><strong><span class=\"has-inline-color has-vivid-red-color\">Aplicaci\u00f3n m\u00f3vil SACC School<\/span><\/strong>, disponible en las principales tiendas (App Store y Google Play), ampl\u00eda la experiencia de los usuarios permitiendo:<\/p>\n\n\n\n<ul><li>Realizar pagos en l\u00ednea de manera r\u00e1pida y segura.<\/li><li>Registrar fondos para consumo en la cafeter\u00eda estudiantil.<\/li><li>Permitir a los padres realizar pre-\u00f3rdenes de alimentos que se descuentan autom\u00e1ticamente del fondo registrado.<\/li><li>Seleccionar men\u00fas de merienda y almuerzo desde la app.<\/li><li>Consultar calificaciones, asistencia y estados de cuenta desde cualquier lugar.<\/li><\/ul>\n\n\n\n<p>Con esta integraci\u00f3n entre <strong>SACC SCHOOL<\/strong> y <strong>SACC ERP<\/strong>, las instituciones no solo administran su operaci\u00f3n acad\u00e9mica y financiera desde un solo entorno, sino que tambi\u00e9n brindan a padres y estudiantes una experiencia moderna, \u00e1gil y transparente.<\/p>\n\n\n\n<h3>\u00bfPOR QU\u00c9&nbsp;SACC&nbsp;SCHOOL?<\/h3>\n\n\n\n<h5>CARACTER\u00cdSTICAS Y BENEFICIOS<\/h5>\n\n\n\n<ul><li>FLEXIBLE<\/li><li>SEGURO<\/li><li>PROGRAMABLE<\/li><li>GR\u00c1FICO<\/li><li>ESTABLE<\/li><li>EXPORTABLE<\/li><li>M\u00daLTIPLES EMPRESAS<\/li><li>M\u00daLTIPLES SUCURSALES<\/li><li>M\u00daLTIPLES USUARIOS<\/li><li>M\u00daLTIPLES CURRENCIES<\/li><\/ul>\n\n\n\n<p>Las instituciones acad\u00e9micas requieren un control integral que abarque desde la admisi\u00f3n hasta la graduaci\u00f3n, obteniendo informes detallados y en tiempo real de todos los procesos. <strong>SACC SCHOOL<\/strong>&nbsp;permite registrar admisiones, asistencia, calificaciones y cuotas mensuales, adem\u00e1s de ofrecer a los tutores el acceso a inscripciones y consultas en l\u00ednea desde cualquier dispositivo.<\/p>\n\n\n\n<p><strong>SACC SCHOOL<\/strong>&nbsp;es una soluci\u00f3n confiable, flexible y moderna que combina la gesti\u00f3n acad\u00e9mica, administrativa y financiera en un ecosistema digital unificado, garantizando la eficiencia operativa y la satisfacci\u00f3n de toda la comunidad educativa.<\/p>\n<\/div>\n","protected":false},"excerpt":{"rendered":"","protected":false},"author":2,"featured_media":0,"parent":0,"menu_order":0,"comment_status":"closed","ping_status":"closed","template":"","meta":[],"_links":{"self":[{"href":"https:\/\/sumum.do\/index.php?rest_route=\/wp\/v2\/pages\/456"}],"collection":[{"href":"https:\/\/sumum.do\/index.php?rest_route=\/wp\/v2\/pages"}],"about":[{"href":"https:\/\/sumum.do\/index.php?rest_route=\/wp\/v2\/types\/page"}],"author":[{"embeddable":true,"href":"https:\/\/sumum.do\/index.php?rest_route=\/wp\/v2\/users\/2"}],"replies":[{"embeddable":true,"href":"https:\/\/sumum.do\/index.php?rest_route=%2Fwp%2Fv2%2Fcomments&post=456"}],"version-history":[{"count":8,"href":"https:\/\/sumum.do\/index.php?rest_route=\/wp\/v2\/pages\/456\/revisions"}],"predecessor-version":[{"id":634,"href":"https:\/\/sumum.do\/index.php?rest_route=\/wp\/v2\/pages\/456\/revisions\/634"}],"wp:attachment":[{"href":"https:\/\/sumum.do\/index.php?rest_route=%2Fwp%2Fv2%2Fmedia&parent=456"}],"curies":[{"name":"wp","href":"https:\/\/api.w.org\/{rel}","templated":true}]}}