{"id":42,"date":"2018-04-30T06:20:03","date_gmt":"2018-04-30T10:20:03","guid":{"rendered":"http:\/\/rarathemesdemo.com\/rara-business\/?page_id=42"},"modified":"2021-03-17T13:14:15","modified_gmt":"2021-03-17T17:14:15","slug":"quienes-somos","status":"publish","type":"page","link":"https:\/\/sumum.do\/?page_id=42","title":{"rendered":"\u00bfQui\u00e9nes somos?"},"content":{"rendered":"<p>Fundada en 2007,\u00a0<strong>SUMUM, <\/strong>surge con el objetivo de satisfacer las necesidades del mercado comercial, administrativo y financiero en el \u00e1rea tecnol\u00f3gica, ofreciendo a sus clientes productos y servicios de calidad adaptados a sus necesidades, brind\u00e1ndole as\u00ed la posibilidad de diversificar y mejorar la calidad de los productos y servicios que ofrecen a sus clientes o relacionados, procesos y procedimientos de sus operaciones y a la vez contribuir a hacer m\u00e1s eficientes sus operaciones de forma competitiva y efectiva en el mercado.<\/p>\n<p><strong>SUMUM<\/strong>, actualmente cuenta con <strong>Nuntius, SUMUM ERP, SUMUM School<\/strong> y <strong>SUMUM <\/strong><strong>Mobile<\/strong>\u00a0los cuales son software que van dirigido a diferentes mercados como son:<\/p>\n<p>Colegios, Supermercados, Agroqu\u00edmicos, Farmacias, Respuestos, Tiendas por departamentos, Almacenes, Restaurantes y toda empresa que tenga la necesidad de controlar sus operaciones tanto administrativas como financieras.<\/p>\n<p><strong>SUMUM <\/strong>cuenta con una gran gama de m\u00f3dulos dentro de los que tenemos:<\/p>\n<p>Puntos de Ventas (Facturaci\u00f3n), Contabilidad General, N\u00f3mina, Recursos Humanos, Cuentas por Cobrar, Cuentas por Pagar, Inventario, Orden de Compra, Caja Chica, Presupuesto, Conciliaci\u00f3n Bancaria y Activo Fijo, entre otros.<\/p>\n<p>En el \u00e1mbito acad\u00e9mico contamos con los m\u00f3dulos de:<\/p>\n<p>Admisiones, Control Escolar, Calificaciones, Cobros, Biblioteca, Enfermer\u00eda, Transportaci\u00f3n, entre otros.<\/p>\n<p><strong>SUMUM,<\/strong>\u00a0es una soluci\u00f3n confiable que garantiza una gran flexibilidad para la creaci\u00f3n de nuevos planes, administraci\u00f3n y control de los procesos, puntos clave para satisfacer las demandas de un mercado cada vez m\u00e1s din\u00e1mico, exigente y competitivo.<\/p>\n<p>Es un sistema f\u00e1cil de manejar por su flexibilidad en la parametrizaci\u00f3n de la informaci\u00f3n, es funcional para cualquier compa\u00f1\u00eda sin importar el volumen de sus operaciones ni los distintos productos que ofrecen desde una visi\u00f3n general de la compa\u00f1\u00eda, las operaciones, los clientes y el control de todas las variables que inciden en el desempe\u00f1o de la empresa.<\/p>\n<p><strong>SUMUM <\/strong>es una interface totalmente gr\u00e1fica y por tanto es f\u00e1cil de aprender y operar. Los m\u00f3dulos est\u00e1n totalmente integrados, todas las transacciones se actualizan en tiempo real.<\/p>\n<p>Desarrollamos todo tipo de sistemas de informaci\u00f3n 100% a la medida partiendo de los m\u00f3dulos bases a\u00f1adiendo soluciones a sus requerimientos.<\/p>\n","protected":false},"excerpt":{"rendered":"<p>Fundada en 2007,\u00a0SUMUM, surge con el objetivo de satisfacer las necesidades del mercado comercial, administrativo y financiero en el \u00e1rea tecnol\u00f3gica, ofreciendo a sus clientes productos y servicios de calidad adaptados a sus necesidades, brind\u00e1ndole as\u00ed la posibilidad de diversificar y mejorar la calidad de los productos y servicios que ofrecen a sus clientes o relacionados, procesos y procedimientos de sus operaciones y a la vez contribuir a hacer m\u00e1s eficientes sus operaciones de forma competitiva y efectiva en el mercado.<\/p>\n","protected":false},"author":2,"featured_media":290,"parent":0,"menu_order":0,"comment_status":"closed","ping_status":"closed","template":"","meta":[],"_links":{"self":[{"href":"https:\/\/sumum.do\/index.php?rest_route=\/wp\/v2\/pages\/42"}],"collection":[{"href":"https:\/\/sumum.do\/index.php?rest_route=\/wp\/v2\/pages"}],"about":[{"href":"https:\/\/sumum.do\/index.php?rest_route=\/wp\/v2\/types\/page"}],"author":[{"embeddable":true,"href":"https:\/\/sumum.do\/index.php?rest_route=\/wp\/v2\/users\/2"}],"replies":[{"embeddable":true,"href":"https:\/\/sumum.do\/index.php?rest_route=%2Fwp%2Fv2%2Fcomments&post=42"}],"version-history":[{"count":6,"href":"https:\/\/sumum.do\/index.php?rest_route=\/wp\/v2\/pages\/42\/revisions"}],"predecessor-version":[{"id":560,"href":"https:\/\/sumum.do\/index.php?rest_route=\/wp\/v2\/pages\/42\/revisions\/560"}],"wp:featuredmedia":[{"embeddable":true,"href":"https:\/\/sumum.do\/index.php?rest_route=\/wp\/v2\/media\/290"}],"wp:attachment":[{"href":"https:\/\/sumum.do\/index.php?rest_route=%2Fwp%2Fv2%2Fmedia&parent=42"}],"curies":[{"name":"wp","href":"https:\/\/api.w.org\/{rel}","templated":true}]}}