{"id":269,"date":"2018-10-08T09:16:44","date_gmt":"2018-10-08T13:16:44","guid":{"rendered":"http:\/\/rarathemesdemo.com\/software-company\/newsletter-2\/"},"modified":"2025-10-16T22:01:28","modified_gmt":"2025-10-17T02:01:28","slug":"nuntius","status":"publish","type":"page","link":"https:\/\/sumum.do\/?page_id=269","title":{"rendered":"Nuntius"},"content":{"rendered":"<div class=\"wp-block-buttons\">&nbsp;<\/div>\n\n\n\n<p><\/p>\n\n\n<div class=\"wp-block-buttons\">\n<div class=\"wp-block-button is-style-outline\"><a class=\"wp-block-button__link\" href=\"https:\/\/play.google.com\/store\/apps\/developer?id=JoinTech\"><img class=\"wp-image-532\" src=\"http:\/\/sumum.do\/wp-content\/uploads\/2025\/10\/152_Google_Play-512-e1610499764837.png\" alt=\"\"><\/a><\/div>\n\n\n\n<div class=\"wp-block-button is-style-outline\"><a class=\"wp-block-button__link\"\nhref=\"https:\/\/apps.apple.com\/us\/developer\/abel-reynoso\/id1531264588\"><img class=\"wp-image-539\" src=\"http:\/\/sumum.do\/wp-content\/uploads\/2025\/10\/oie_qZFHNjZ0mJcI-1-e1610499991200.png\" alt=\"\" \/><\/a><\/div>\n<\/div>\n<p>\n\n\n\n<p>Nuntius es una aplicaci\u00f3n que permite al ciudadano reportar las diferentes incidencias que se presentan en su ciudad, tales como: Hoyo \/ bache, Filtrante, Basura, Tuber\u00eda, Sem\u00e1foro, Transformador y Cable El\u00e9ctrico.<\/p>\n\n\n\n<p>Permite que otros ciudadanos se mantengan al tanto de estas incidencias y as\u00ed evitar da\u00f1os f\u00edsicos o materiales.<\/p>\n\n\n\n<p><strong>CARACTER\u00cdSTICAS<\/strong><br>&#8212;&#8212;&#8212;&#8212;&#8212;&#8212;&#8212;&#8212;&#8212;&#8212;&#8212;&#8212;&#8212;&#8212;&#8212;&#8212;&#8212;&#8212;&#8212;&#8212;&#8212;&#8212;&#8212;&#8212;&#8211;<br>\u2022 Mapa de la ciudad.<br>\u2022 Geolocalizaci\u00f3n en tiempo real.<br>\u2022 Incidencias con fotograf\u00edas.<br>\u2022 Estad\u00edsticas de incidencias.<br>\u2022 Compartir en redes sociales.<br>\u2022 Indicador de kil\u00f3metros.<br>\u2022 Indicador de orientaci\u00f3n cardinal.<\/p>\n<\/div>\n","protected":false},"excerpt":{"rendered":"<p>&nbsp;<\/p>\n","protected":false},"author":2,"featured_media":0,"parent":0,"menu_order":0,"comment_status":"closed","ping_status":"closed","template":"","meta":[],"_links":{"self":[{"href":"https:\/\/sumum.do\/index.php?rest_route=\/wp\/v2\/pages\/269"}],"collection":[{"href":"https:\/\/sumum.do\/index.php?rest_route=\/wp\/v2\/pages"}],"about":[{"href":"https:\/\/sumum.do\/index.php?rest_route=\/wp\/v2\/types\/page"}],"author":[{"embeddable":true,"href":"https:\/\/sumum.do\/index.php?rest_route=\/wp\/v2\/users\/2"}],"replies":[{"embeddable":true,"href":"https:\/\/sumum.do\/index.php?rest_route=%2Fwp%2Fv2%2Fcomments&post=269"}],"version-history":[{"count":7,"href":"https:\/\/sumum.do\/index.php?rest_route=\/wp\/v2\/pages\/269\/revisions"}],"predecessor-version":[{"id":625,"href":"https:\/\/sumum.do\/index.php?rest_route=\/wp\/v2\/pages\/269\/revisions\/625"}],"wp:attachment":[{"href":"https:\/\/sumum.do\/index.php?rest_route=%2Fwp%2Fv2%2Fmedia&parent=269"}],"curies":[{"name":"wp","href":"https:\/\/api.w.org\/{rel}","templated":true}]}}