{"id":206,"date":"2018-05-01T09:42:55","date_gmt":"2018-05-01T13:42:55","guid":{"rendered":"http:\/\/rarathemesdemo.com\/rara-business\/?page_id=206"},"modified":"2025-10-16T20:22:35","modified_gmt":"2025-10-17T00:22:35","slug":"sacc-erp","status":"publish","type":"page","link":"https:\/\/sumum.do\/?page_id=206","title":{"rendered":"SACC ERP"},"content":{"rendered":"\n<p>Es un sistema de gesti\u00f3n de informaci\u00f3n que integra y automatiza las pr\u00e1cticas de negocio asociadas con los aspectos operativos o productivos de su empresa. Est\u00e1 compuesto por diferentes m\u00f3dulos que integran una \u00fanica aplicaci\u00f3n, algunos de estos son:<\/p>\n\n\n\n<ul><li><strong>Ventas<\/strong><\/li><li><strong>Compras<\/strong><\/li><li><strong>Cuentas por pagar<\/strong><\/li><li><strong>Cuentas por cobrar<\/strong><\/li><li><strong>Contabilidad General<\/strong><\/li><li><strong>Presupuesto<\/strong><\/li><li><strong>Inventarios<\/strong><\/li><li><strong>N\u00f3minas<\/strong><\/li><li><strong>Recursos Humanos<\/strong><\/li><li><strong>Caja Chica<\/strong><\/li><li><strong>Banco y Conciliaci\u00f3n<\/strong><\/li><li><strong>Activo Fijo<\/strong><\/li><li><strong>Producci\u00f3n<\/strong><\/li><li><strong>Control de Calidad<\/strong><\/li><\/ul>\n\n\n\n<p>Adem\u00e1s de que ofrece la capacidad de agregar nuevos m\u00f3dulos dependiendo del crecimiento de la empresa.<\/p>\n\n\n\n<figure class=\"wp-block-image size-large\"><img src=\"http:\/\/jointech.com.do\/wp-content\/uploads\/2021\/01\/fiscales-180x180-1.png\" alt=\"\" class=\"wp-image-556\"\/><\/figure>\n\n\n\n<p>SACC ERP, Homologado por la DGII para trabajar con las impresoras fiscales.<\/p>\n\n\n\n<p><strong><em>Los objetivos principales de SACC ERP son:<\/em><\/strong><\/p>\n\n\n\n<p>Optimizaci\u00f3n de los procesos empresariales<\/p>\n\n\n\n<p>Acceso a toda la informaci\u00f3n de forma confiable, precisa y oportuna (integridad de datos)<\/p>\n\n\n\n<p>La posibilidad de compartir informaci\u00f3n entre todos los componentes de la organizaci\u00f3n<\/p>\n\n\n\n<p>El prop\u00f3sito fundamental de SACC ERP es otorgar apoyo a los clientes del negocio y tiempos r\u00e1pidos de respuesta a sus problemas, as\u00ed como un eficiente manejo de informaci\u00f3n que permita la toma oportuna de decisiones y disminuci\u00f3n de los costos totales de operaci\u00f3n.<\/p>\n\n\n\n<p><strong>Las principales caracter\u00edsticas de SACC ERP son: Integral, modular, adaptable y seguro.<\/strong><\/p>\n\n\n\n<p><strong>Integral<\/strong>, porque permite controlar los diferentes procesos de la compa\u00f1\u00eda entendiendo que todos los departamentos de una empresa se relacionan entre s\u00ed, es decir, que el resultado de un proceso es punto de inicio del siguiente.<\/p>\n\n\n\n<p><strong>Modular<\/strong>, puesto que SACC ERP entiende que una empresa es un conjunto de departamentos que se encuentran interrelacionados por la informaci\u00f3n que comparten y que se genera a partir de sus procesos, es por eso que las ventajas tanto econ\u00f3micas como t\u00e9cnicas es que la funcionalidad se encuentra dividida en m\u00f3dulos, los cuales pueden instalarse de acuerdo con los requerimientos del cliente.<\/p>\n\n\n\n<p><strong>Adaptable<\/strong>, gracias a que SACC ERP cuenta con un equipo de profesionales del \u00e1rea de desarrollo dispuestos a adaptarse a la idiosincrasia y procesos de cada empresa.<\/p>\n\n\n\n<p><strong>Seguro<\/strong>. Sus datos estar\u00e1n siempre bajo el control \u00fanico de sus propias manos y cada usuario tendr\u00e1 acceso, \u00fanicamente, a los procesos que le sean asignados.<\/p>\n\n\n\n<p><strong><em>Otras caracter\u00edsticas destacables de SACC ERP son:<\/em><\/strong><\/p>\n\n\n\n<p>Base de datos centralizada<\/p>\n\n\n\n<p>Los componentes del ERP interact\u00faan entre s\u00ed consolidando todas las operaciones<\/p>\n\n\n\n<p>Los datos se ingresan s\u00f3lo una vez y deben ser consistentes, completos y comunes<\/p>\n\n\n\n<p><strong>M\u00f3dulos<\/strong><\/p>\n\n\n\n<p><strong>Ventas<\/strong><\/p>\n\n\n\n<p>Controla el sistema de facturaci\u00f3n, cotizaciones, venta de bienes y servicios, clientes, pedidos, etc.<\/p>\n\n\n\n<p><strong>Compras<\/strong><\/p>\n\n\n\n<p>Administra su sistema de registro de compras, tales como: solicitud de compra, aprobaciones de solicitudes, cotizaciones, analisis de cotizaci\u00f3n, ordenes de compras, compras de mercanc\u00eda, etc.<\/p>\n\n\n\n<p><strong>Cuentas Por Cobrar<\/strong><\/p>\n\n\n\n<p>En este m\u00f3dulo usted tendr\u00e1 las opciones para poder emitir recibos de ingres, notas de cr\u00e9ditos, notas de d\u00e9bito, imprimir reportes de estados de cuenta, an\u00e1lisis de saldo por antig\u00fcedad, etc.<\/p>\n\n\n\n<p><strong>Cuentas Por Pagar<\/strong><\/p>\n\n\n\n<p>En conjunto con banco y conciliaci\u00f3n donde se encuentran las emisiones de cheque est\u00e1 el m\u00f3dulo de cuentas por pagar, que adicional a los cheques nos permite realizar recibos de egreso, notas de cr\u00e9dito y notas de d\u00e9bito, aparte de tener los reportes de estados de cuenta, an\u00e1lisis de saldo por antig\u00fcedad, entre otros.<\/p>\n\n\n\n<p><strong>Contabilidad<\/strong><\/p>\n\n\n\n<p>El m\u00f3dulo de contabilidad es el m\u00e1s robusto del sistema SACC. Le permite llevar un control preciso de sus movimientos, emitir facturas, mostrar reportes contables, financieros y fiscales, administrar sus ingresos y egresos, etc.<\/p>\n\n\n\n<p>Contamos con el modo multi-empresa y multi-sucursal, de modo que puede controlar toda la administraci\u00f3n contable de m\u00faltiples compa\u00f1\u00edas y sucursales en el mismo.<\/p>\n\n\n\n<p>Algunas de las funcionalidades de este m\u00f3dulo son:<\/p>\n\n\n\n<p>Centros de costos<\/p>\n\n\n\n<p>Ofrece la interfaz m\u00e1s flexible y f\u00e1cil de usar del mercado<\/p>\n\n\n\n<p>Totalmente integrado con los dem\u00e1s m\u00f3dulos<\/p>\n\n\n\n<p>Seguridad y pistas de auditor\u00eda<\/p>\n\n\n\n<p>B\u00fasquedas r\u00e1pidas y eficaces<\/p>\n\n\n\n<p>Reportes b\u00e1sicos pre configurados con opci\u00f3n de a\u00f1adir nuevos a la medida de las necesidades del cliente<\/p>\n\n\n\n<p>Poderoso reportador en Excel, PDF y Envi\u00f3 a correos<\/p>\n\n\n\n<p>Suficiente flexibilidad para el c\u00e1lculo de impuestos<\/p>\n\n\n\n<p>Facturaci\u00f3n y cuentas por cobrar<\/p>\n\n\n\n<p>Flexibilidad para manejar facturas, notas de cr\u00e9dito, documentos, notas de cargo, etc. Todo bajo control de los consecutivos por serie de documento<\/p>\n\n\n\n<p>Control de art\u00edculos, cantidades, precios, conceptos y\/o descripciones largas<\/p>\n\n\n\n<p>Gran cantidad de reportes, como pueden ser: facturaci\u00f3n general, facturaci\u00f3n por cliente, facturas por cobrar, antig\u00fcedad de saldos, gastos por concepto, centro de costos, compras, cuentas por pagar, etc.<\/p>\n\n\n\n<p>Control de bancos y cajas<\/p>\n\n\n\n<p>Cuentas bancarias y de cajas sin l\u00edmite<\/p>\n\n\n\n<p>Manejo de cuentas de cheques y chequeras<\/p>\n\n\n\n<p>Control de cajas, tanto de ventas como de gastos<\/p>\n\n\n\n<p>Conciliaci\u00f3n bancaria<\/p>\n\n\n\n<p><strong>POS (Point of Sale \/ Punto de Venta)<\/strong><\/p>\n\n\n\n<p>El m\u00f3dulo TPV o Punto de Venta gestiona el proceso de venta mediante una interfaz accesible para los vendedores. El mismo m\u00f3dulo permite la creaci\u00f3n e impresi\u00f3n del ticket de venta mediante las referencias de productos, realiza cambios en el stock en la base de datos y otras labores del negocio. As\u00ed tambi\u00e9n se compone de una parte hardware (dispositivos f\u00edsicos) y otro software (sistema operativo y programa de gesti\u00f3n).<\/p>\n\n\n\n<p><strong>Inventario<\/strong><\/p>\n\n\n\n<p>Tiene como objetivo organizar toda la log\u00edstica derivada de la necesidad de almacenar productos de forma que la herramienta se adapte al funcionamiento y organizaci\u00f3n de la compa\u00f1\u00eda.<\/p>\n\n\n\n<p>Contempla el multi-almac\u00e9n y las ubicaciones tanto est\u00e1ndar como din\u00e1mica<\/p>\n\n\n\n<p>Contempla la posibilidad de realizar inventarios generales o segmentados, bien manualmente o a trav\u00e9s de terminales port\u00e1tiles<\/p>\n\n\n\n<p>Conserva los inventarios realizados<\/p>\n\n\n\n<p>Dispone de potente bater\u00eda de informes estrat\u00e9gicos y de gesti\u00f3n<\/p>\n\n\n\n<p>Entradas, salidas y transferencias de mercanc\u00edas.<\/p>\n\n\n\n<p><strong>N\u00f3mina<\/strong><\/p>\n\n\n\n<p>Controla de una manera sencilla y detallada el c\u00e1lculo de la n\u00f3mina de su(s) empresa(s).<\/p>\n\n\n\n<p>Cumple con los requerimientos de las secretaria de estado de trabajo y las TSS, etc.<\/p>\n\n\n\n<p>Permite la generaci\u00f3n de n\u00f3minas diarias, semanales, quincenales, mensuales, faltas, vacaciones, permisos, incapacidades, prestaciones, pr\u00e9stamos, etc.<\/p>\n\n\n\n<p><strong>Recursos Humanos<\/strong><\/p>\n\n\n\n<p>Lleva el registro de sus empleados, privilegios e informaci\u00f3n laboral as\u00ed como personal.<\/p>\n\n\n\n<p><strong>Activo Fijo<\/strong><\/p>\n\n\n\n<p>Este m\u00f3dulo de activo fijo permite el registro y control de los activos de la empresa, dando las facilidades de retiro tanto por desuso como por venta. Llevando acabo por procesos del usuario la depreciaci\u00f3n del mismo tanto por grupos de activos como un activo individual y afectando contabilidad por medio a un asiento en cada una de estas operaciones.<\/p>\n\n\n\n<p><strong>Banco y Conciliaci\u00f3n<\/strong><\/p>\n\n\n\n<p>Banco y conciliaci\u00f3n permite el registro y control de la informaci\u00f3n relacionada con las transacciones bancarias, de una manera detallada, ordenada y segura. Este es un m\u00f3dulo que est\u00e1 totalmente integrado con el m\u00f3dulo de cuenta por pagar, n\u00f3mina y contabilidad, teniendo como finalidad la reducci\u00f3n de deudas y otros movimientos.<\/p>\n\n\n\n<p><strong>Caracter\u00edsticas<\/strong><\/p>\n\n\n\n<ul><li>Creaci\u00f3n de cheques que aplican a una cuenta por pagar y cheques afectando directamente contabilidad.<\/li><li>Creaci\u00f3n de dep\u00f3sitos bancarios.<\/li><li>Transferencias bancarias afectando una cuenta por pagar.<\/li><li>Conciliaci\u00f3n bancaria.<\/li><\/ul>\n\n\n\n<p><strong>Caja Chica<\/strong><\/p>\n\n\n\n<p>Este m\u00f3dulo de caja chica SACC nos permite el registro y visualizaci\u00f3n de los desembolsos de nuestra caja chica, teniendo as\u00ed un control de nuestro efectivo en caja chica. Con este m\u00f3dulo podremos generar los gastos menores visualiz\u00e1ndose en contabilidad autom\u00e1ticamente.<\/p>\n","protected":false},"excerpt":{"rendered":"<p>Es un sistema de gesti\u00f3n de informaci\u00f3n que integra y automatiza las pr\u00e1cticas de negocio asociadas con los aspectos operativos o productivos de su empresa. Est\u00e1 compuesto por diferentes m\u00f3dulos que integran una \u00fanica aplicaci\u00f3n, algunos de estos son: Ventas Compras Cuentas por pagar Cuentas por cobrar Contabilidad General Presupuesto Inventarios N\u00f3minas Recursos Humanos Caja &hellip; <\/p>\n","protected":false},"author":2,"featured_media":0,"parent":0,"menu_order":0,"comment_status":"closed","ping_status":"closed","template":"","meta":[],"_links":{"self":[{"href":"https:\/\/sumum.do\/index.php?rest_route=\/wp\/v2\/pages\/206"}],"collection":[{"href":"https:\/\/sumum.do\/index.php?rest_route=\/wp\/v2\/pages"}],"about":[{"href":"https:\/\/sumum.do\/index.php?rest_route=\/wp\/v2\/types\/page"}],"author":[{"embeddable":true,"href":"https:\/\/sumum.do\/index.php?rest_route=\/wp\/v2\/users\/2"}],"replies":[{"embeddable":true,"href":"https:\/\/sumum.do\/index.php?rest_route=%2Fwp%2Fv2%2Fcomments&post=206"}],"version-history":[{"count":4,"href":"https:\/\/sumum.do\/index.php?rest_route=\/wp\/v2\/pages\/206\/revisions"}],"predecessor-version":[{"id":579,"href":"https:\/\/sumum.do\/index.php?rest_route=\/wp\/v2\/pages\/206\/revisions\/579"}],"wp:attachment":[{"href":"https:\/\/sumum.do\/index.php?rest_route=%2Fwp%2Fv2%2Fmedia&parent=206"}],"curies":[{"name":"wp","href":"https:\/\/api.w.org\/{rel}","templated":true}]}}